{"id":67,"date":"2019-05-14T16:44:33","date_gmt":"2019-05-14T16:44:33","guid":{"rendered":"https:\/\/www.betting.ca\/fr\/?page_id=67"},"modified":"2019-05-14T16:44:33","modified_gmt":"2019-05-14T16:44:33","slug":"pari-blackberry","status":"publish","type":"page","link":"https:\/\/dev.betting.ca\/fr\/pari-mobile\/pari-blackberry","title":{"rendered":"Pari Blackberry"},"content":{"rendered":"<p><img decoding=\"async\" src=\"https:\/\/www.betting.ca\/wp-content\/uploads\/2013\/08\/canadian-blackberry-sportsbooks.jpg\" alt=\"Meilleurs paris sportifs canadiens sur Blackberry\" width=\"300\" class=\"alignright size-full wp-image-765\" \/>Lorsque les gens recherchent des appareils mobiles pour faire des paris, alors chacun aura ses propres favoris personnels, et en ce qui concerne les appareils BlackBerry, ces t\u00e9l\u00e9phones mobiles sont tr\u00e8s populaires et sont consid\u00e9r\u00e9s comme l&rsquo;un des principaux moyens de communication. Cependant, il y a plusieurs autres choses qui peuvent \u00eatre faites avec un terminal BlackBerry, et l&rsquo;un d&rsquo;eux est de l&rsquo;utiliser pour avoir acc\u00e8s aux sites de paris sportifs mobiles.<\/p>\n<p>Si vous n\u2019aimez rien de mieux que de tester votre talent et votre jugement, en seulement quelques minutes vous pouvez avoir acc\u00e8s \u00e0 une vari\u00e9t\u00e9 de preneurs aux livres mobiles tr\u00e8s bien cot\u00e9s, et nous en avons choisi une gamme, tous \u00e9num\u00e9r\u00e9s ci-dessous, qui n&rsquo;offrent pas seulement des paris sportifs enti\u00e8rement compatibles avec les plates-formes BlackBerry, mais \u00e9galement offrir de g\u00e9n\u00e9reux bonus et promotions de paris gratuits avec les cotes les plus g\u00e9n\u00e9reuses au monde.<\/p>\n<h2 id=\"sites-de-paris-sportifs-canadiens-recommandes-pour-les-appareils-blackberry\">Sites de paris sportifs canadiens recommand\u00e9s pour les appareils BlackBerry<\/h2>\n<p>Nous vous invitons \u00e0 regarder l&rsquo;un de nos sites de paris mobiles conviviaux qui sont \u00e9num\u00e9r\u00e9s ci-dessous pour vous. Chacun d&rsquo;entre eux a \u00e9t\u00e9 choisi par nous et en tant que tels, nous pouvons garantir personnellement qu&rsquo;ils vont tous vous satisfaire et qu\u2019ils d\u00e9passeront toutes vos attentes, et lors de l&rsquo;acc\u00e8s \u00e0 l&rsquo;un d&rsquo;entre eux sur un terminal BlackBerry, vous trouverez que leurs plates-formes de paris sont un jeu d&rsquo;enfant \u00e0 utiliser.<\/p>\n<div class=\"compliance-bar\"><div class=\"compliance-bar__inner\"><span class=\"compliance-bar__item\"><svg width=\"28\" height=\"28\" viewBox=\"0 0 20 22\" xmlns=\"http:\/\/www.w3.org\/2000\/svg\">\r\n  <style>.ic{fill:none;stroke:#888;stroke-width:1.6;stroke-linecap:round;stroke-linejoin:round}.rf{fill:#c0392b;stroke:none}.ri{fill:none;stroke:#c0392b;stroke-width:1.6;stroke-linecap:round;stroke-linejoin:round}<\/style>\r\n  <path class=\"ic\" d=\"M10 1 L18 4.5 L18 12 Q18 18 10 21 Q2 18 2 12 L2 4.5 Z\"\/>\r\n  <rect class=\"rf\" x=\"7\" y=\"12\" width=\"6\" height=\"5\" rx=\"1\"\/>\r\n  <path class=\"ri\" d=\"M8 12 L8 10 Q8 8 10 8 Q12 8 12 10 L12 12\"\/>\r\n<\/svg>\r\n100% L\u00e9gal &amp;<br> Licenci\u00e9<\/span><span class=\"compliance-bar__item\"><svg width=\"28\" height=\"28\" viewBox=\"0 0 20 20\" xmlns=\"http:\/\/www.w3.org\/2000\/svg\">\r\n  <style>.ic{fill:none;stroke:#888;stroke-width:1.6;stroke-linecap:round;stroke-linejoin:round}.ri{fill:none;stroke:#c0392b;stroke-width:1.6;stroke-linecap:round;stroke-linejoin:round}<\/style>\r\n  <polygon class=\"ic\" points=\"10,1 12.5,7 18.5,7.5 14,12 15.5,18 10,14.5 4.5,18 6,12 1.5,7.5 7.5,7\"\/>\r\n  <path class=\"ri\" d=\"M6.5 10 L9 13 L13.5 7.5\"\/>\r\n<\/svg>\r\nBonus<br> V\u00e9rifi\u00e9<\/span><span class=\"compliance-bar__item\"><svg width=\"24\" height=\"28\" viewBox=\"0 0 18 24\" xmlns=\"http:\/\/www.w3.org\/2000\/svg\">\r\n  <style>.ic{fill:none;stroke:#888;stroke-width:1.6;stroke-linecap:round;stroke-linejoin:round}.gf{fill:#888;stroke:none}.rf{fill:#c0392b;stroke:none}<\/style>\r\n  <rect class=\"ic\" x=\"1\" y=\"1\" width=\"16\" height=\"22\" rx=\"2\"\/>\r\n  <path class=\"ic\" d=\"M5 9 Q9 5 13 9\"\/>\r\n  <path class=\"ic\" d=\"M6.5 11.5 Q9 9 11.5 11.5\"\/>\r\n  <circle class=\"rf\" cx=\"9\" cy=\"14\" r=\"1.5\"\/>\r\n  <circle class=\"gf\" cx=\"9\" cy=\"20\" r=\"1.2\"\/>\r\n<\/svg>\r\nCompatible<br> Mobile<\/span><div class=\"compliance-bar__item compliance-bar__disclosure\"> Divulgation<br> Publicitaire <svg width=\"16\" height=\"16\" viewBox=\"0 0 16 16\" xmlns=\"http:\/\/www.w3.org\/2000\/svg\">\r\n  <circle cx=\"8\" cy=\"8\" r=\"7\" fill=\"none\" stroke=\"#888\" stroke-width=\"1.4\"\/>\r\n  <line x1=\"8\" y1=\"7\" x2=\"8\" y2=\"11.5\" stroke=\"#888\" stroke-width=\"1.4\" stroke-linecap=\"round\"\/>\r\n  <circle cx=\"8\" cy=\"5\" r=\"0.8\" fill=\"#888\"\/>\r\n<\/svg>\r\n<div class=\"compliance-bar__tooltip\">Veuillez noter que certains liens sur <a href=\"https:\/\/betting.ca\/\">Betting.ca<\/a> sont des liens affili\u00e9s pour lesquels nous pouvons percevoir une commission. En savoir plus sur nos <a href=\"\/terms-of-use\">Conditions d'utilisation<\/a>.<\/div><\/div><span class=\"compliance-bar__item compliance-bar__item--18\"><svg xmlns=\"http:\/\/www.w3.org\/2000\/svg\" shape-rendering=\"geometricPrecision\" text-rendering=\"geometricPrecision\" image-rendering=\"optimizeQuality\" fill-rule=\"evenodd\" clip-rule=\"evenodd\" viewBox=\"0 0 512 512\"><g fill-rule=\"nonzero\"><path fill=\"#c0392b\" d=\"M256 0c38.58 0 75.19 8.54 108 23.83-14.77 10.49-24.8 21.13-33.01 35.9-23.28-8.91-48.57-13.79-74.99-13.79-58.01 0-110.53 23.52-148.54 61.52-38 38.01-61.52 90.53-61.52 148.54 0 58 23.52 110.53 61.52 148.54 38.01 38 90.53 61.52 148.54 61.52 58 0 110.53-23.52 148.54-61.52 38-38.01 61.52-90.54 61.52-148.54 0-15.26-1.63-30.13-4.72-44.46 14.35-8.37 25.67-22.81 37.86-35.69 8.31 25.22 12.8 52.16 12.8 80.15 0 70.68-28.66 134.7-74.98 181.02C390.7 483.34 326.68 512 256 512c-70.69 0-134.7-28.66-181.02-74.98C28.66 390.7 0 326.68 0 256c0-70.69 28.66-134.7 74.98-181.02C121.3 28.66 185.31 0 256 0z\"\/>\n  <path fill=\"#888\" d=\"M404.42 172.39v-44.21h-40.63V92.31h40.63v-44.2h37.79v44.2h40.92v35.87h-40.92v44.21h-37.79zM159.1 345.32V212.36a301.3 301.3 0 0 1-13.62 2.74c-4.47.81-8.93 1.56-13.4 2.28l-3.58-26.3c3.83-.89 8.29-2.27 13.35-4.19 5.06-1.91 10.2-4.06 15.43-6.45 5.21-2.39 10.03-4.87 14.51-7.38 4.46-2.51 7.96-4.78 10.52-6.85l21.52 2.86-.24 176.25H159.1zm157.13 1.91c-10.92 0-20.69-1.16-29.34-3.43-8.64-2.27-15.98-5.5-22-9.72-6.02-4.23-10.6-9.33-13.75-15.27-3.15-5.94-4.75-12.55-4.75-19.88 0-6.46 1.64-12.84 4.91-19.1 3.26-6.26 8.65-12.03 16.1-17.33 7.45-5.3 17.42-9.73 29.94-13.31l14.82 17.69c-4.86 2.23-9.17 4.7-12.95 7.46-3.79 2.74-6.78 5.98-8.93 9.64-2.16 3.66-3.23 8.01-3.23 13.04 0 3.9.95 7.76 2.87 11.59 1.91 3.83 4.99 6.98 9.21 9.49 4.22 2.51 9.76 3.79 16.62 3.79 4.38 0 8.41-1.04 12.07-3.08 3.67-2.03 6.62-4.7 8.81-8.01 2.2-3.3 3.27-6.85 3.27-10.68 0-4.46-1.6-8.33-4.78-11.59-3.2-3.28-7.38-6.3-12.6-9.06-5.22-2.74-10.95-5.49-17.21-8.29-6.26-2.78-12.52-5.86-18.78-9.2-6.25-3.35-11.99-7.3-17.22-11.84-5.22-4.54-9.44-9.97-12.63-16.22-3.19-6.26-4.78-13.67-4.78-22.28 0-8.61 2.39-16.46 7.17-23.56 4.79-7.09 11.8-12.75 21.05-16.98 9.24-4.22 20.56-6.33 33.95-6.33 13.39 0 24.68 1.83 33.8 5.5 9.13 3.67 16.03 8.69 20.69 15.06 4.66 6.38 6.97 13.64 6.97 21.77 0 6.93-1.55 13.63-4.7 20.12-3.15 6.5-8.17 12.28-15.07 17.3-6.89 5.03-16.02 8.81-27.34 11.36l-14.58-16.74c8.6-2.63 14.7-6.61 18.29-11.92 3.58-5.29 5.38-11.43 5.38-18.45 0-5.18-1.96-9.6-5.86-13.23-3.91-3.63-9.52-5.43-16.86-5.43-7.01 0-12.56 1.84-16.62 5.55-4.07 3.71-6.1 7.85-6.1 12.39 0 4.94 1.64 9.33 4.91 13.15 3.26 3.83 7.6 7.34 13.03 10.56 5.42 3.24 11.35 6.38 17.81 9.42 6.46 3.02 12.96 6.21 19.46 9.6 6.49 3.39 12.47 7.17 17.92 11.36 5.47 4.18 9.85 9 13.16 14.47 3.31 5.46 4.98 11.79 5.06 18.97.08 10.92-2.78 20.21-8.61 27.9-5.82 7.69-13.79 13.59-23.95 17.66-10.16 4.06-21.72 6.09-34.63 6.09z\"\/><\/g><\/svg>Doit avoir 18+<br> pour participer.<\/span><\/div><\/div><div id=\"ca-sportsbooks\">\n<div class=\"sb-grid\">\n<div class=\"sb-card sb-card--red\">\n<div class=\"sb-card__header\">\n<span class=\"sb-rank\">#1<\/span>\n<div class=\"sb-stars\"><span class=\"sb-star\">&#9733;<\/span><span class=\"sb-star\">&#9733;<\/span><span class=\"sb-star\">&#9733;<\/span><span class=\"sb-star\">&#9733;<\/span><span class=\"sb-star\">&#9733;<\/span><\/div>\n<\/div>\n<a class=\"sb-logo\" href=\"https:\/\/dev.betting.ca\/fr\/revue\/betway\" >\n<img decoding=\"async\" src=\"https:\/\/dev.betting.ca\/images\/reviews\/betway-logo.png\" alt=\"Betway\">\n<\/a>\n<p class=\"sb-bonus\">2000 CAD<\/p>\n<a href=\"\/go\/betway\" class=\"sb-cta\" target=\"_blank\">Obtenir le Bonus<\/a>\n<a href=\"https:\/\/dev.betting.ca\/fr\/revue\/betway\" class=\"sb-review\">Lire l'Avis<\/a>\n<\/div>\n<div class=\"sb-card sb-card--blue\">\n<div class=\"sb-card__header\">\n<span class=\"sb-rank\">#2<\/span>\n<div class=\"sb-stars\"><span class=\"sb-star\">&#9733;<\/span><span class=\"sb-star\">&#9733;<\/span><span class=\"sb-star\">&#9733;<\/span><span class=\"sb-star\">&#9733;<\/span><span class=\"sb-star sb-star--half\">&#9733;<\/span><\/div>\n<\/div>\n<a class=\"sb-logo\" href=\"https:\/\/dev.betting.ca\/fr\/revue\/sports-interaction\" >\n<img decoding=\"async\" src=\"https:\/\/dev.betting.ca\/images\/reviews\/sports-interaction-logo.png\" alt=\"Sports Interaction\">\n<\/a>\n<p class=\"sb-bonus\">CAD 125<\/p>\n<a href=\"\/go\/sports-interaction\" class=\"sb-cta\" target=\"_blank\">Obtenir le Bonus<\/a>\n<a href=\"https:\/\/dev.betting.ca\/fr\/revue\/sports-interaction\" class=\"sb-review\">Lire l'Avis<\/a>\n<\/div>\n<div class=\"sb-card sb-card--orange\">\n<div class=\"sb-card__header\">\n<span class=\"sb-rank\">#3<\/span>\n<div class=\"sb-stars\"><span class=\"sb-star\">&#9733;<\/span><span class=\"sb-star\">&#9733;<\/span><span class=\"sb-star\">&#9733;<\/span><span class=\"sb-star\">&#9733;<\/span><span class=\"sb-star sb-star--half\">&#9733;<\/span><\/div>\n<\/div>\n<a class=\"sb-logo\" href=\"https:\/\/dev.betting.ca\/fr\/revue\/bet365\" >\n<img decoding=\"async\" src=\"https:\/\/dev.betting.ca\/images\/reviews\/bet365-logo.png\" alt=\"Bet365\">\n<\/a>\n<p class=\"sb-bonus\">CAD 200<\/p>\n<a href=\"\/go\/bet365\" class=\"sb-cta\" target=\"_blank\">Obtenir le Bonus<\/a>\n<a href=\"https:\/\/dev.betting.ca\/fr\/revue\/bet365\" class=\"sb-review\">Lire l'Avis<\/a>\n<\/div>\n<div class=\"sb-card sb-card--green\">\n<div class=\"sb-card__header\">\n<span class=\"sb-rank\">#4<\/span>\n<div class=\"sb-stars\"><span class=\"sb-star\">&#9733;<\/span><span class=\"sb-star\">&#9733;<\/span><span class=\"sb-star\">&#9733;<\/span><span class=\"sb-star\">&#9733;<\/span><span class=\"sb-star sb-star--half\">&#9733;<\/span><\/div>\n<\/div>\n<a class=\"sb-logo\" href=\"https:\/\/dev.betting.ca\/fr\/revue\/spin-sports\" >\n<img decoding=\"async\" src=\"https:\/\/dev.betting.ca\/images\/reviews\/spin-sports-logo.png\" alt=\"Spin Sports\">\n<\/a>\n<p class=\"sb-bonus\">CAD 200<\/p>\n<a href=\"\/go\/spin-sports\" class=\"sb-cta\" target=\"_blank\">Obtenir le Bonus<\/a>\n<a href=\"https:\/\/dev.betting.ca\/fr\/revue\/spin-sports\" class=\"sb-review\">Lire l'Avis<\/a>\n<\/div>\n<div class=\"sb-card sb-card--red\">\n<div class=\"sb-card__header\">\n<span class=\"sb-rank\">#5<\/span>\n<div class=\"sb-stars\"><span class=\"sb-star\">&#9733;<\/span><span class=\"sb-star\">&#9733;<\/span><span class=\"sb-star\">&#9733;<\/span><span class=\"sb-star\">&#9733;<\/span><span class=\"sb-star sb-star--half\">&#9733;<\/span><\/div>\n<\/div>\n<a class=\"sb-logo\" href=\"https:\/\/dev.betting.ca\/fr\/revue\/bodog\" >\n<img decoding=\"async\" src=\"https:\/\/dev.betting.ca\/images\/reviews\/bodog-logo.png\" alt=\"Bodog\">\n<\/a>\n<p class=\"sb-bonus\">CAD 200<\/p>\n<a href=\"\/go\/bodog\" class=\"sb-cta\" target=\"_blank\">Obtenir le Bonus<\/a>\n<a href=\"https:\/\/dev.betting.ca\/fr\/revue\/bodog\" class=\"sb-review\">Lire l'Avis<\/a>\n<\/div>\n<div class=\"sb-card sb-card--blue\">\n<div class=\"sb-card__header\">\n<span class=\"sb-rank\">#6<\/span>\n<div class=\"sb-stars\"><span class=\"sb-star\">&#9733;<\/span><span class=\"sb-star\">&#9733;<\/span><span class=\"sb-star\">&#9733;<\/span><span class=\"sb-star sb-star--half\">&#9733;<\/span><span class=\"sb-star sb-star--empty\">&#9733;<\/span><\/div>\n<\/div>\n<a class=\"sb-logo\" href=\"https:\/\/dev.betting.ca\/fr\/revue\/betonline\" >\n<img decoding=\"async\" src=\"https:\/\/dev.betting.ca\/images\/reviews\/betonline-logo.png\" alt=\"BetOnline\">\n<\/a>\n<p class=\"sb-bonus\">CAD 2500<\/p>\n<a href=\"\/go\/betonline\" class=\"sb-cta\" target=\"_blank\">Obtenir le Bonus<\/a>\n<a href=\"https:\/\/dev.betting.ca\/fr\/revue\/betonline\" class=\"sb-review\">Lire l'Avis<\/a>\n<\/div>\n<\/div><\/div>\n<p>Veuillez vous assurer que chaque fois que vous avez accept\u00e9 ou que vous envisagez d&rsquo;accepter n&rsquo;importe quel type de bonus d\u2019un site de pari, de v\u00e9rifier les r\u00e8gles concernant la fa\u00e7on dont vous pouvez utiliser ce bonus. Il faut aussi savoir que chaque bonus et offre de pari gratuit que vous verrez sur notre site Web est sujet \u00e0 changement en tout temps, et \u00e0 ce titre, vous pouvez jeter un \u0153il sur le site de paris sportifs pour vous assurer que l\u2019offre est toujours valide et disponible pour vous, car elles sont sujettes \u00e0 changement \u00e0 tout moment.<\/p>\n<div class=\"types-casinos-nav\"><div class=\"types-casinos-nav__list\"><a href=\"https:\/\/dev.betting.ca\/fr\/pari-mobile\/pari-android\"><img decoding=\"async\" src=\"https:\/\/dev.betting.ca\/fr\/wp-content\/themes\/betting_ca\/img\/mobile\/icon-android.png\" alt=\"Android\"\/><span>Android<\/span><\/a><a href=\"https:\/\/dev.betting.ca\/fr\/pari-mobile\/pari-blackberry\"><img decoding=\"async\" src=\"https:\/\/dev.betting.ca\/fr\/wp-content\/themes\/betting_ca\/img\/mobile\/icon-blackberry.png\" alt=\"Blackberry\"\/><span>Blackberry<\/span><\/a><a href=\"https:\/\/dev.betting.ca\/fr\/pari-mobile\/pari-ipad\"><img decoding=\"async\" src=\"https:\/\/dev.betting.ca\/fr\/wp-content\/themes\/betting_ca\/img\/mobile\/icon-ipad.png\" alt=\"iPad\"\/><span>iPad<\/span><\/a><a href=\"https:\/\/dev.betting.ca\/fr\/pari-mobile\/pari-iphone\"><img decoding=\"async\" src=\"https:\/\/dev.betting.ca\/fr\/wp-content\/themes\/betting_ca\/img\/mobile\/icon-iphone.png\" alt=\"iPhone\"\/><span>iPhone<\/span><\/a><a href=\"https:\/\/dev.betting.ca\/fr\/pari-mobile\/pari-telephone-windows\"><img decoding=\"async\" src=\"https:\/\/dev.betting.ca\/fr\/wp-content\/themes\/betting_ca\/img\/mobile\/icon-win.png\" alt=\"Windows\"\/><span>Windows<\/span><\/a><\/div><\/div>\n<p>Ne faites jamais de double pari avec les paris sportifs. Lorsque vous devenez membre de l&rsquo;un de nos sites de pari mobile compatible avec BlackBerry, vous obtiendrez un type d\u2019exp\u00e9rience de pari in\u00e9gal\u00e9e, vous y trouverez des sessions de paris sans tracas sur chacun des sites Web list\u00e9s sur Betting.ca.<\/p>\n\n<h3 id=\"lutilisation-dun-site-de-pari-pour-blackberry\">L&rsquo;utilisation d&rsquo;un site de pari pour BlackBerry<\/h3>\n<p>Lorsque vous pariez sur votre BlackBerry, il est imp\u00e9ratif que votre appareil soit s\u00e9curis\u00e9. Si vous avez d\u00e9j\u00e0 une application de s\u00e9curit\u00e9 mobile, assurez-vous qu\u2019elle est activ\u00e9e et en fonction. Lorsque vous avez r\u00e9gl\u00e9 la s\u00e9curit\u00e9, rendez-vous sur l&rsquo;un de nos sites en vedette, et t\u00e9l\u00e9chargez l&rsquo;application, cela prend quelques minutes, et une fois que cela est compl\u00e9t\u00e9, vous aurez toutes les options de pari qu&rsquo;ils offrent au bout des doigts, ce qui signifie que vous pourrez jouer de partout et n&rsquo;importe o\u00f9.<\/p>\n<p>Tous nos <a href=\"http:\/\/ca.blackberry.com\/\">sites de pari compatible BlackBerry en vedette<\/a> sont enregistr\u00e9s et contr\u00f4l\u00e9s par les principales autorit\u00e9s de jeux. Vous pouvez donc jouer avec tranquillit\u00e9 d&rsquo;esprit et confiance.<\/p>\n<p>Si vous n\u2019\u00eates pas connect\u00e9 au preneur aux livres, vous devrez le faire pour pouvoir placer des mises en argent r\u00e9el. Cependant, se connecter prend quelques minutes, et si vous \u00eates d\u00e9j\u00e0 membre de leur site de paris en ligne sur ordinateur, vous \u00eates normalement en mesure d&rsquo;utiliser vos identifiants actuels.<\/p>\n<p>Une fois que vous \u00eates connect\u00e9 et que vous avez choisi un ou plusieurs \u00e9v\u00e9nements sportifs sur lesquels vous d\u00e9sirez parier, placer ces mises est un vrai jeu d&rsquo;enfant, et vous allez bient\u00f4t ma\u00eetriser l&rsquo;utilisation des feuillets de pari pour placer vos mises qui sont enti\u00e8rement contr\u00f4l\u00e9s par l&rsquo;interm\u00e9diaire de votre clavier. Appuyez simplement et cliquez dessus et remplissez votre pari, en choisissant les cotes que vous voulez et votre mise sera plac\u00e9e instantan\u00e9ment.<\/p>\n","protected":false},"excerpt":{"rendered":"Lorsque les gens recherchent des appareils mobiles pour faire des paris, alors chacun aura ses propres favoris personnels, et en ce qui concerne les appareils BlackBerry, ces t\u00e9l\u00e9phones mobiles sont tr\u00e8s populaires et sont consid\u00e9r\u00e9s comme l&rsquo;un des principaux moyens de communication. Cependant, il y a plusieurs autres choses qui peuvent \u00eatre faites avec un [&hellip;]","protected":false},"author":2,"featured_media":0,"parent":16,"menu_order":0,"comment_status":"closed","ping_status":"closed","template":"","meta":{"_acf_changed":false,"footnotes":""},"class_list":["post-67","page","type-page","status-publish","hentry"],"acf":[],"yoast_head":"<!-- This site is optimized with the Yoast SEO plugin v27.6 - https:\/\/yoast.com\/product\/yoast-seo-wordpress\/ -->\n<title>Sites de paris BlackBerry : parier sur n&#039;importe quel appareil BlackBerry et applications de paris<\/title>\n<meta name=\"description\" content=\"Pour un guide facile \u00e0 suivre pour la configuration et l&#039;utilisation de votre appareil BlackBerry pour placer n&#039;importe quel type de pari sportif, alors venez d\u00e9couvrir le site Web de Betting.ca\" \/>\n<meta name=\"robots\" content=\"index, follow, max-snippet:-1, max-image-preview:large, max-video-preview:-1\" \/>\n<link rel=\"canonical\" href=\"https:\/\/www.betting.ca\/fr\/pari-mobile\/pari-blackberry\" \/>\n<meta property=\"og:locale\" content=\"fr_CA\" \/>\n<meta property=\"og:type\" content=\"article\" \/>\n<meta property=\"og:title\" content=\"Sites de paris BlackBerry : parier sur n&#039;importe quel appareil BlackBerry et applications de paris\" \/>\n<meta property=\"og:description\" content=\"Pour un guide facile \u00e0 suivre pour la configuration et l&#039;utilisation de votre appareil BlackBerry pour placer n&#039;importe quel type de pari sportif, alors venez d\u00e9couvrir le site Web de Betting.ca\" \/>\n<meta property=\"og:url\" content=\"https:\/\/www.betting.ca\/fr\/pari-mobile\/pari-blackberry\" \/>\n<meta property=\"og:site_name\" content=\"Betting.ca FR\" \/>\n<meta property=\"og:image\" content=\"https:\/\/dev.betting.ca\/images\/reviews\/betonline-logo.png\" \/>\n<meta name=\"twitter:card\" content=\"summary_large_image\" \/>\n<meta name=\"twitter:label1\" content=\"Estimation du temps de lecture\" \/>\n\t<meta name=\"twitter:data1\" content=\"3 minutes\" \/>\n<script type=\"application\/ld+json\" class=\"yoast-schema-graph\">{\"@context\":\"https:\\\/\\\/schema.org\",\"@graph\":[{\"@type\":\"WebPage\",\"@id\":\"https:\\\/\\\/www.betting.ca\\\/fr\\\/pari-mobile\\\/pari-blackberry\",\"url\":\"https:\\\/\\\/www.betting.ca\\\/fr\\\/pari-mobile\\\/pari-blackberry\",\"name\":\"Sites de paris BlackBerry : parier sur n'importe quel appareil BlackBerry et applications de paris\",\"isPartOf\":{\"@id\":\"https:\\\/\\\/www.betting.ca\\\/fr\\\/#website\"},\"primaryImageOfPage\":{\"@id\":\"https:\\\/\\\/www.betting.ca\\\/fr\\\/pari-mobile\\\/pari-blackberry#primaryimage\"},\"image\":{\"@id\":\"https:\\\/\\\/www.betting.ca\\\/fr\\\/pari-mobile\\\/pari-blackberry#primaryimage\"},\"thumbnailUrl\":\"https:\\\/\\\/www.betting.ca\\\/wp-content\\\/uploads\\\/2013\\\/08\\\/canadian-blackberry-sportsbooks.jpg\",\"datePublished\":\"2019-05-14T16:44:33+00:00\",\"description\":\"Pour un guide facile \u00e0 suivre pour la configuration et l'utilisation de votre appareil BlackBerry pour placer n'importe quel type de pari sportif, alors venez d\u00e9couvrir le site Web de Betting.ca\",\"breadcrumb\":{\"@id\":\"https:\\\/\\\/www.betting.ca\\\/fr\\\/pari-mobile\\\/pari-blackberry#breadcrumb\"},\"inLanguage\":\"fr-CA\",\"potentialAction\":[{\"@type\":\"ReadAction\",\"target\":[\"https:\\\/\\\/www.betting.ca\\\/fr\\\/pari-mobile\\\/pari-blackberry\"]}]},{\"@type\":\"ImageObject\",\"inLanguage\":\"fr-CA\",\"@id\":\"https:\\\/\\\/www.betting.ca\\\/fr\\\/pari-mobile\\\/pari-blackberry#primaryimage\",\"url\":\"https:\\\/\\\/dev.betting.ca\\\/images\\\/reviews\\\/betonline-logo.png\",\"contentUrl\":\"https:\\\/\\\/dev.betting.ca\\\/images\\\/reviews\\\/betonline-logo.png\"},{\"@type\":\"BreadcrumbList\",\"@id\":\"https:\\\/\\\/www.betting.ca\\\/fr\\\/pari-mobile\\\/pari-blackberry#breadcrumb\",\"itemListElement\":[{\"@type\":\"ListItem\",\"position\":1,\"name\":\"Home\",\"item\":\"https:\\\/\\\/dev.betting.ca\\\/fr\\\/\"},{\"@type\":\"ListItem\",\"position\":2,\"name\":\"Sites mobiles de paris et meilleures applications de paris\",\"item\":\"https:\\\/\\\/www.betting.ca\\\/fr\\\/pari-mobile\"},{\"@type\":\"ListItem\",\"position\":3,\"name\":\"Pari Blackberry\"}]},{\"@type\":\"WebSite\",\"@id\":\"https:\\\/\\\/www.betting.ca\\\/fr\\\/#website\",\"url\":\"https:\\\/\\\/www.betting.ca\\\/fr\\\/\",\"name\":\"Betting.ca FR\",\"description\":\"\",\"potentialAction\":[{\"@type\":\"SearchAction\",\"target\":{\"@type\":\"EntryPoint\",\"urlTemplate\":\"https:\\\/\\\/www.betting.ca\\\/fr\\\/?s={search_term_string}\"},\"query-input\":{\"@type\":\"PropertyValueSpecification\",\"valueRequired\":true,\"valueName\":\"search_term_string\"}}],\"inLanguage\":\"fr-CA\"}]}<\/script>\n<!-- \/ Yoast SEO plugin. -->","yoast_head_json":{"title":"Sites de paris BlackBerry : parier sur n'importe quel appareil BlackBerry et applications de paris","description":"Pour un guide facile \u00e0 suivre pour la configuration et l'utilisation de votre appareil BlackBerry pour placer n'importe quel type de pari sportif, alors venez d\u00e9couvrir le site Web de Betting.ca","robots":{"index":"index","follow":"follow","max-snippet":"max-snippet:-1","max-image-preview":"max-image-preview:large","max-video-preview":"max-video-preview:-1"},"canonical":"https:\/\/www.betting.ca\/fr\/pari-mobile\/pari-blackberry","og_locale":"fr_CA","og_type":"article","og_title":"Sites de paris BlackBerry : parier sur n'importe quel appareil BlackBerry et applications de paris","og_description":"Pour un guide facile \u00e0 suivre pour la configuration et l'utilisation de votre appareil BlackBerry pour placer n'importe quel type de pari sportif, alors venez d\u00e9couvrir le site Web de Betting.ca","og_url":"https:\/\/www.betting.ca\/fr\/pari-mobile\/pari-blackberry","og_site_name":"Betting.ca FR","og_image":[{"url":"https:\/\/dev.betting.ca\/images\/reviews\/betonline-logo.png","type":"","width":"","height":""}],"twitter_card":"summary_large_image","twitter_misc":{"Estimation du temps de lecture":"3 minutes"},"schema":{"@context":"https:\/\/schema.org","@graph":[{"@type":"WebPage","@id":"https:\/\/www.betting.ca\/fr\/pari-mobile\/pari-blackberry","url":"https:\/\/www.betting.ca\/fr\/pari-mobile\/pari-blackberry","name":"Sites de paris BlackBerry : parier sur n'importe quel appareil BlackBerry et applications de paris","isPartOf":{"@id":"https:\/\/www.betting.ca\/fr\/#website"},"primaryImageOfPage":{"@id":"https:\/\/www.betting.ca\/fr\/pari-mobile\/pari-blackberry#primaryimage"},"image":{"@id":"https:\/\/www.betting.ca\/fr\/pari-mobile\/pari-blackberry#primaryimage"},"thumbnailUrl":"https:\/\/www.betting.ca\/wp-content\/uploads\/2013\/08\/canadian-blackberry-sportsbooks.jpg","datePublished":"2019-05-14T16:44:33+00:00","description":"Pour un guide facile \u00e0 suivre pour la configuration et l'utilisation de votre appareil BlackBerry pour placer n'importe quel type de pari sportif, alors venez d\u00e9couvrir le site Web de Betting.ca","breadcrumb":{"@id":"https:\/\/www.betting.ca\/fr\/pari-mobile\/pari-blackberry#breadcrumb"},"inLanguage":"fr-CA","potentialAction":[{"@type":"ReadAction","target":["https:\/\/www.betting.ca\/fr\/pari-mobile\/pari-blackberry"]}]},{"@type":"ImageObject","inLanguage":"fr-CA","@id":"https:\/\/www.betting.ca\/fr\/pari-mobile\/pari-blackberry#primaryimage","url":"https:\/\/dev.betting.ca\/images\/reviews\/betonline-logo.png","contentUrl":"https:\/\/dev.betting.ca\/images\/reviews\/betonline-logo.png"},{"@type":"BreadcrumbList","@id":"https:\/\/www.betting.ca\/fr\/pari-mobile\/pari-blackberry#breadcrumb","itemListElement":[{"@type":"ListItem","position":1,"name":"Home","item":"https:\/\/dev.betting.ca\/fr\/"},{"@type":"ListItem","position":2,"name":"Sites mobiles de paris et meilleures applications de paris","item":"https:\/\/www.betting.ca\/fr\/pari-mobile"},{"@type":"ListItem","position":3,"name":"Pari Blackberry"}]},{"@type":"WebSite","@id":"https:\/\/www.betting.ca\/fr\/#website","url":"https:\/\/www.betting.ca\/fr\/","name":"Betting.ca FR","description":"","potentialAction":[{"@type":"SearchAction","target":{"@type":"EntryPoint","urlTemplate":"https:\/\/www.betting.ca\/fr\/?s={search_term_string}"},"query-input":{"@type":"PropertyValueSpecification","valueRequired":true,"valueName":"search_term_string"}}],"inLanguage":"fr-CA"}]}},"_links":{"self":[{"href":"https:\/\/dev.betting.ca\/fr\/wp-json\/wp\/v2\/pages\/67","targetHints":{"allow":["GET"]}}],"collection":[{"href":"https:\/\/dev.betting.ca\/fr\/wp-json\/wp\/v2\/pages"}],"about":[{"href":"https:\/\/dev.betting.ca\/fr\/wp-json\/wp\/v2\/types\/page"}],"author":[{"embeddable":true,"href":"https:\/\/dev.betting.ca\/fr\/wp-json\/wp\/v2\/users\/2"}],"replies":[{"embeddable":true,"href":"https:\/\/dev.betting.ca\/fr\/wp-json\/wp\/v2\/comments?post=67"}],"version-history":[{"count":0,"href":"https:\/\/dev.betting.ca\/fr\/wp-json\/wp\/v2\/pages\/67\/revisions"}],"up":[{"embeddable":true,"href":"https:\/\/dev.betting.ca\/fr\/wp-json\/wp\/v2\/pages\/16"}],"wp:attachment":[{"href":"https:\/\/dev.betting.ca\/fr\/wp-json\/wp\/v2\/media?parent=67"}],"curies":[{"name":"wp","href":"https:\/\/api.w.org\/{rel}","templated":true}]}}