{"id":16,"date":"2019-04-09T16:22:07","date_gmt":"2019-04-09T16:22:07","guid":{"rendered":"https:\/\/www.betting.ca\/fr\/?page_id=16"},"modified":"2019-04-09T16:22:07","modified_gmt":"2019-04-09T16:22:07","slug":"pari-mobile","status":"publish","type":"page","link":"https:\/\/dev.betting.ca\/fr\/pari-mobile","title":{"rendered":"Sites mobiles de paris et meilleures applications de paris"},"content":{"rendered":"<p>Il y a naturellement plusieurs fa\u00e7ons diff\u00e9rentes par lesquelles vous pouvez placer un pari de nos jours, visiter les sites de pari est bien s\u00fbr toujours une option tr\u00e8s populaire, de nombreux parieurs souhaitent placer des paris en ligne ou m\u00eame sur leur t\u00e9l\u00e9phone portable ou tablette.<\/p>\n<p>Ici, sur le site Web de Betting.ca nous avons mis en place une vaste gamme de guides de paris mobiles qui vous permettront d&rsquo;avoir une visite \u00e9tape par \u00e9tape sur la fa\u00e7on d&rsquo;utiliser n&rsquo;importe quel type de p\u00e9riph\u00e9rique mobile pour vous permettre de placer de fa\u00e7on transparente n&rsquo;importe quel genre de paris via le tout nouveau m\u00e9dium de jeu mob<\/p>\n<div class=\"dt-sc-clear\"><\/div>\n<div class=\"types-casinos-nav\"><div class=\"types-casinos-nav__list\"><a href=\"https:\/\/dev.betting.ca\/fr\/pari-mobile\/pari-android\"><img decoding=\"async\" src=\"https:\/\/dev.betting.ca\/fr\/wp-content\/themes\/betting_ca\/img\/mobile\/icon-android.png\" alt=\"Android\"\/><span>Android<\/span><\/a><a href=\"https:\/\/dev.betting.ca\/fr\/pari-mobile\/pari-blackberry\"><img decoding=\"async\" src=\"https:\/\/dev.betting.ca\/fr\/wp-content\/themes\/betting_ca\/img\/mobile\/icon-blackberry.png\" alt=\"Blackberry\"\/><span>Blackberry<\/span><\/a><a href=\"https:\/\/dev.betting.ca\/fr\/pari-mobile\/pari-ipad\"><img decoding=\"async\" src=\"https:\/\/dev.betting.ca\/fr\/wp-content\/themes\/betting_ca\/img\/mobile\/icon-ipad.png\" alt=\"iPad\"\/><span>iPad<\/span><\/a><a href=\"https:\/\/dev.betting.ca\/fr\/pari-mobile\/pari-iphone\"><img decoding=\"async\" src=\"https:\/\/dev.betting.ca\/fr\/wp-content\/themes\/betting_ca\/img\/mobile\/icon-iphone.png\" alt=\"iPhone\"\/><span>iPhone<\/span><\/a><a href=\"https:\/\/dev.betting.ca\/fr\/pari-mobile\/pari-telephone-windows\"><img decoding=\"async\" src=\"https:\/\/dev.betting.ca\/fr\/wp-content\/themes\/betting_ca\/img\/mobile\/icon-win.png\" alt=\"Windows\"\/><span>Windows<\/span><\/a><\/div><\/div>\n<h2 id=\"meilleurs-sites-de-paris-mobiles-canadiens\">Meilleurs sites de paris mobiles canadiens<\/h2>\n<div class=\"compliance-bar\"><div class=\"compliance-bar__inner\"><span class=\"compliance-bar__item\"><svg width=\"28\" height=\"28\" viewBox=\"0 0 20 22\" xmlns=\"http:\/\/www.w3.org\/2000\/svg\">\r\n  <style>.ic{fill:none;stroke:#888;stroke-width:1.6;stroke-linecap:round;stroke-linejoin:round}.rf{fill:#c0392b;stroke:none}.ri{fill:none;stroke:#c0392b;stroke-width:1.6;stroke-linecap:round;stroke-linejoin:round}<\/style>\r\n  <path class=\"ic\" d=\"M10 1 L18 4.5 L18 12 Q18 18 10 21 Q2 18 2 12 L2 4.5 Z\"\/>\r\n  <rect class=\"rf\" x=\"7\" y=\"12\" width=\"6\" height=\"5\" rx=\"1\"\/>\r\n  <path class=\"ri\" d=\"M8 12 L8 10 Q8 8 10 8 Q12 8 12 10 L12 12\"\/>\r\n<\/svg>\r\n100% L\u00e9gal &amp;<br> Licenci\u00e9<\/span><span class=\"compliance-bar__item\"><svg width=\"28\" height=\"28\" viewBox=\"0 0 20 20\" xmlns=\"http:\/\/www.w3.org\/2000\/svg\">\r\n  <style>.ic{fill:none;stroke:#888;stroke-width:1.6;stroke-linecap:round;stroke-linejoin:round}.ri{fill:none;stroke:#c0392b;stroke-width:1.6;stroke-linecap:round;stroke-linejoin:round}<\/style>\r\n  <polygon class=\"ic\" points=\"10,1 12.5,7 18.5,7.5 14,12 15.5,18 10,14.5 4.5,18 6,12 1.5,7.5 7.5,7\"\/>\r\n  <path class=\"ri\" d=\"M6.5 10 L9 13 L13.5 7.5\"\/>\r\n<\/svg>\r\nBonus<br> V\u00e9rifi\u00e9<\/span><span class=\"compliance-bar__item\"><svg width=\"24\" height=\"28\" viewBox=\"0 0 18 24\" xmlns=\"http:\/\/www.w3.org\/2000\/svg\">\r\n  <style>.ic{fill:none;stroke:#888;stroke-width:1.6;stroke-linecap:round;stroke-linejoin:round}.gf{fill:#888;stroke:none}.rf{fill:#c0392b;stroke:none}<\/style>\r\n  <rect class=\"ic\" x=\"1\" y=\"1\" width=\"16\" height=\"22\" rx=\"2\"\/>\r\n  <path class=\"ic\" d=\"M5 9 Q9 5 13 9\"\/>\r\n  <path class=\"ic\" d=\"M6.5 11.5 Q9 9 11.5 11.5\"\/>\r\n  <circle class=\"rf\" cx=\"9\" cy=\"14\" r=\"1.5\"\/>\r\n  <circle class=\"gf\" cx=\"9\" cy=\"20\" r=\"1.2\"\/>\r\n<\/svg>\r\nCompatible<br> Mobile<\/span><div class=\"compliance-bar__item compliance-bar__disclosure\"> Divulgation<br> Publicitaire <svg width=\"16\" height=\"16\" viewBox=\"0 0 16 16\" xmlns=\"http:\/\/www.w3.org\/2000\/svg\">\r\n  <circle cx=\"8\" cy=\"8\" r=\"7\" fill=\"none\" stroke=\"#888\" stroke-width=\"1.4\"\/>\r\n  <line x1=\"8\" y1=\"7\" x2=\"8\" y2=\"11.5\" stroke=\"#888\" stroke-width=\"1.4\" stroke-linecap=\"round\"\/>\r\n  <circle cx=\"8\" cy=\"5\" r=\"0.8\" fill=\"#888\"\/>\r\n<\/svg>\r\n<div class=\"compliance-bar__tooltip\">Veuillez noter que certains liens sur <a href=\"https:\/\/betting.ca\/\">Betting.ca<\/a> sont des liens affili\u00e9s pour lesquels nous pouvons percevoir une commission. En savoir plus sur nos <a href=\"\/terms-of-use\">Conditions d'utilisation<\/a>.<\/div><\/div><span class=\"compliance-bar__item compliance-bar__item--18\"><svg xmlns=\"http:\/\/www.w3.org\/2000\/svg\" shape-rendering=\"geometricPrecision\" text-rendering=\"geometricPrecision\" image-rendering=\"optimizeQuality\" fill-rule=\"evenodd\" clip-rule=\"evenodd\" viewBox=\"0 0 512 512\"><g fill-rule=\"nonzero\"><path fill=\"#c0392b\" d=\"M256 0c38.58 0 75.19 8.54 108 23.83-14.77 10.49-24.8 21.13-33.01 35.9-23.28-8.91-48.57-13.79-74.99-13.79-58.01 0-110.53 23.52-148.54 61.52-38 38.01-61.52 90.53-61.52 148.54 0 58 23.52 110.53 61.52 148.54 38.01 38 90.53 61.52 148.54 61.52 58 0 110.53-23.52 148.54-61.52 38-38.01 61.52-90.54 61.52-148.54 0-15.26-1.63-30.13-4.72-44.46 14.35-8.37 25.67-22.81 37.86-35.69 8.31 25.22 12.8 52.16 12.8 80.15 0 70.68-28.66 134.7-74.98 181.02C390.7 483.34 326.68 512 256 512c-70.69 0-134.7-28.66-181.02-74.98C28.66 390.7 0 326.68 0 256c0-70.69 28.66-134.7 74.98-181.02C121.3 28.66 185.31 0 256 0z\"\/>\n  <path fill=\"#888\" d=\"M404.42 172.39v-44.21h-40.63V92.31h40.63v-44.2h37.79v44.2h40.92v35.87h-40.92v44.21h-37.79zM159.1 345.32V212.36a301.3 301.3 0 0 1-13.62 2.74c-4.47.81-8.93 1.56-13.4 2.28l-3.58-26.3c3.83-.89 8.29-2.27 13.35-4.19 5.06-1.91 10.2-4.06 15.43-6.45 5.21-2.39 10.03-4.87 14.51-7.38 4.46-2.51 7.96-4.78 10.52-6.85l21.52 2.86-.24 176.25H159.1zm157.13 1.91c-10.92 0-20.69-1.16-29.34-3.43-8.64-2.27-15.98-5.5-22-9.72-6.02-4.23-10.6-9.33-13.75-15.27-3.15-5.94-4.75-12.55-4.75-19.88 0-6.46 1.64-12.84 4.91-19.1 3.26-6.26 8.65-12.03 16.1-17.33 7.45-5.3 17.42-9.73 29.94-13.31l14.82 17.69c-4.86 2.23-9.17 4.7-12.95 7.46-3.79 2.74-6.78 5.98-8.93 9.64-2.16 3.66-3.23 8.01-3.23 13.04 0 3.9.95 7.76 2.87 11.59 1.91 3.83 4.99 6.98 9.21 9.49 4.22 2.51 9.76 3.79 16.62 3.79 4.38 0 8.41-1.04 12.07-3.08 3.67-2.03 6.62-4.7 8.81-8.01 2.2-3.3 3.27-6.85 3.27-10.68 0-4.46-1.6-8.33-4.78-11.59-3.2-3.28-7.38-6.3-12.6-9.06-5.22-2.74-10.95-5.49-17.21-8.29-6.26-2.78-12.52-5.86-18.78-9.2-6.25-3.35-11.99-7.3-17.22-11.84-5.22-4.54-9.44-9.97-12.63-16.22-3.19-6.26-4.78-13.67-4.78-22.28 0-8.61 2.39-16.46 7.17-23.56 4.79-7.09 11.8-12.75 21.05-16.98 9.24-4.22 20.56-6.33 33.95-6.33 13.39 0 24.68 1.83 33.8 5.5 9.13 3.67 16.03 8.69 20.69 15.06 4.66 6.38 6.97 13.64 6.97 21.77 0 6.93-1.55 13.63-4.7 20.12-3.15 6.5-8.17 12.28-15.07 17.3-6.89 5.03-16.02 8.81-27.34 11.36l-14.58-16.74c8.6-2.63 14.7-6.61 18.29-11.92 3.58-5.29 5.38-11.43 5.38-18.45 0-5.18-1.96-9.6-5.86-13.23-3.91-3.63-9.52-5.43-16.86-5.43-7.01 0-12.56 1.84-16.62 5.55-4.07 3.71-6.1 7.85-6.1 12.39 0 4.94 1.64 9.33 4.91 13.15 3.26 3.83 7.6 7.34 13.03 10.56 5.42 3.24 11.35 6.38 17.81 9.42 6.46 3.02 12.96 6.21 19.46 9.6 6.49 3.39 12.47 7.17 17.92 11.36 5.47 4.18 9.85 9 13.16 14.47 3.31 5.46 4.98 11.79 5.06 18.97.08 10.92-2.78 20.21-8.61 27.9-5.82 7.69-13.79 13.59-23.95 17.66-10.16 4.06-21.72 6.09-34.63 6.09z\"\/><\/g><\/svg>Doit avoir 18+<br> pour participer.<\/span><\/div><\/div><div id=\"ca-sportsbooks\">\n<div class=\"sb-grid\">\n<div class=\"sb-card sb-card--red\">\n<div class=\"sb-card__header\">\n<span class=\"sb-rank\">#1<\/span>\n<div class=\"sb-stars\"><span class=\"sb-star\">&#9733;<\/span><span class=\"sb-star\">&#9733;<\/span><span class=\"sb-star\">&#9733;<\/span><span class=\"sb-star\">&#9733;<\/span><span class=\"sb-star\">&#9733;<\/span><\/div>\n<\/div>\n<a class=\"sb-logo\" href=\"https:\/\/dev.betting.ca\/fr\/revue\/betway\" >\n<img decoding=\"async\" src=\"https:\/\/dev.betting.ca\/images\/reviews\/betway-logo.png\" alt=\"Betway\">\n<\/a>\n<p class=\"sb-bonus\">2000 CAD<\/p>\n<a href=\"\/go\/betway\" class=\"sb-cta\" target=\"_blank\">Obtenir le Bonus<\/a>\n<a href=\"https:\/\/dev.betting.ca\/fr\/revue\/betway\" class=\"sb-review\">Lire l'Avis<\/a>\n<\/div>\n<div class=\"sb-card sb-card--blue\">\n<div class=\"sb-card__header\">\n<span class=\"sb-rank\">#2<\/span>\n<div class=\"sb-stars\"><span class=\"sb-star\">&#9733;<\/span><span class=\"sb-star\">&#9733;<\/span><span class=\"sb-star\">&#9733;<\/span><span class=\"sb-star\">&#9733;<\/span><span class=\"sb-star sb-star--half\">&#9733;<\/span><\/div>\n<\/div>\n<a class=\"sb-logo\" href=\"https:\/\/dev.betting.ca\/fr\/revue\/sports-interaction\" >\n<img decoding=\"async\" src=\"https:\/\/dev.betting.ca\/images\/reviews\/sports-interaction-logo.png\" alt=\"Sports Interaction\">\n<\/a>\n<p class=\"sb-bonus\">CAD 125<\/p>\n<a href=\"\/go\/sports-interaction\" class=\"sb-cta\" target=\"_blank\">Obtenir le Bonus<\/a>\n<a href=\"https:\/\/dev.betting.ca\/fr\/revue\/sports-interaction\" class=\"sb-review\">Lire l'Avis<\/a>\n<\/div>\n<div class=\"sb-card sb-card--orange\">\n<div class=\"sb-card__header\">\n<span class=\"sb-rank\">#3<\/span>\n<div class=\"sb-stars\"><span class=\"sb-star\">&#9733;<\/span><span class=\"sb-star\">&#9733;<\/span><span class=\"sb-star\">&#9733;<\/span><span class=\"sb-star\">&#9733;<\/span><span class=\"sb-star sb-star--half\">&#9733;<\/span><\/div>\n<\/div>\n<a class=\"sb-logo\" href=\"https:\/\/dev.betting.ca\/fr\/revue\/bet365\" >\n<img decoding=\"async\" src=\"https:\/\/dev.betting.ca\/images\/reviews\/bet365-logo.png\" alt=\"Bet365\">\n<\/a>\n<p class=\"sb-bonus\">CAD 200<\/p>\n<a href=\"\/go\/bet365\" class=\"sb-cta\" target=\"_blank\">Obtenir le Bonus<\/a>\n<a href=\"https:\/\/dev.betting.ca\/fr\/revue\/bet365\" class=\"sb-review\">Lire l'Avis<\/a>\n<\/div>\n<div class=\"sb-card sb-card--green\">\n<div class=\"sb-card__header\">\n<span class=\"sb-rank\">#4<\/span>\n<div class=\"sb-stars\"><span class=\"sb-star\">&#9733;<\/span><span class=\"sb-star\">&#9733;<\/span><span class=\"sb-star\">&#9733;<\/span><span class=\"sb-star\">&#9733;<\/span><span class=\"sb-star sb-star--half\">&#9733;<\/span><\/div>\n<\/div>\n<a class=\"sb-logo\" href=\"https:\/\/dev.betting.ca\/fr\/revue\/spin-sports\" >\n<img decoding=\"async\" src=\"https:\/\/dev.betting.ca\/images\/reviews\/spin-sports-logo.png\" alt=\"Spin Sports\">\n<\/a>\n<p class=\"sb-bonus\">CAD 200<\/p>\n<a href=\"\/go\/spin-sports\" class=\"sb-cta\" target=\"_blank\">Obtenir le Bonus<\/a>\n<a href=\"https:\/\/dev.betting.ca\/fr\/revue\/spin-sports\" class=\"sb-review\">Lire l'Avis<\/a>\n<\/div>\n<div class=\"sb-card sb-card--red\">\n<div class=\"sb-card__header\">\n<span class=\"sb-rank\">#5<\/span>\n<div class=\"sb-stars\"><span class=\"sb-star\">&#9733;<\/span><span class=\"sb-star\">&#9733;<\/span><span class=\"sb-star\">&#9733;<\/span><span class=\"sb-star\">&#9733;<\/span><span class=\"sb-star sb-star--half\">&#9733;<\/span><\/div>\n<\/div>\n<a class=\"sb-logo\" href=\"https:\/\/dev.betting.ca\/fr\/revue\/bodog\" >\n<img decoding=\"async\" src=\"https:\/\/dev.betting.ca\/images\/reviews\/bodog-logo.png\" alt=\"Bodog\">\n<\/a>\n<p class=\"sb-bonus\">CAD 200<\/p>\n<a href=\"\/go\/bodog\" class=\"sb-cta\" target=\"_blank\">Obtenir le Bonus<\/a>\n<a href=\"https:\/\/dev.betting.ca\/fr\/revue\/bodog\" class=\"sb-review\">Lire l'Avis<\/a>\n<\/div>\n<div class=\"sb-card sb-card--blue\">\n<div class=\"sb-card__header\">\n<span class=\"sb-rank\">#6<\/span>\n<div class=\"sb-stars\"><span class=\"sb-star\">&#9733;<\/span><span class=\"sb-star\">&#9733;<\/span><span class=\"sb-star\">&#9733;<\/span><span class=\"sb-star sb-star--half\">&#9733;<\/span><span class=\"sb-star sb-star--empty\">&#9733;<\/span><\/div>\n<\/div>\n<a class=\"sb-logo\" href=\"https:\/\/dev.betting.ca\/fr\/revue\/betonline\" >\n<img decoding=\"async\" src=\"https:\/\/dev.betting.ca\/images\/reviews\/betonline-logo.png\" alt=\"BetOnline\">\n<\/a>\n<p class=\"sb-bonus\">CAD 2500<\/p>\n<a href=\"\/go\/betonline\" class=\"sb-cta\" target=\"_blank\">Obtenir le Bonus<\/a>\n<a href=\"https:\/\/dev.betting.ca\/fr\/revue\/betonline\" class=\"sb-review\">Lire l'Avis<\/a>\n<\/div>\n<\/div><\/div>\n<h2 id=\"facons-de-jouer-en-fonction-de-votre-appareil-mobile\">Fa\u00e7ons de jouer en fonction de votre appareil mobile<\/h2>\nAvec tant de diff\u00e9rents appareils mobiles et de syst\u00e8mes d&rsquo;exploitation de t\u00e9l\u00e9phone mobile, vous trouverez ci-dessous un aper\u00e7u de chacun des diff\u00e9rents types d&rsquo;appareils mobiles, l&rsquo;un d&rsquo;entre eux doit \u00eatre le type de t\u00e9l\u00e9phone mobile ou de tablette que vous poss\u00e9dez, et vous pourrez obtenir plus d&rsquo;informations sur la fa\u00e7on de configurer ces p\u00e9riph\u00e9riques pour qu\u2019ils fonctionnent dans l&rsquo;environnement de jeu mobile ou si vous souhaitez consulter une liste des diff\u00e9rents sites de pari mobile qui peuvent \u00eatre accessibles \u00e0 partir de n&rsquo;importe quel appareil mobile r\u00e9pertori\u00e9, puis suivre les liens pour le guide correspondant.<\/p>\n<ul>\n<li><strong><a href=\"https:\/\/www.betting.ca\/fr\/pari-mobile\/pari-android\">Sites de paris Android<\/a> \u2013 <\/strong>Un grand nombre d\u2019appareils mobiles les plus modernes utilisent le syst\u00e8me d&rsquo;exploitation Android, qui est l&rsquo;un des syst\u00e8mes les plus robustes et un appareil mobile qui permet \u00e0 quiconque d&rsquo;avoir acc\u00e8s \u00e0 des milliers d&rsquo;applications de pari et diff\u00e9rents sites de pari mobile. Si vous \u00eates propri\u00e9taire d&rsquo;un tel appareil, nous souhaitons vous pr\u00e9senter une gamme de sites de paris en ligne pour Android, qui ont tous beaucoup d&rsquo;\u00e9v\u00e9nements sportifs et de rencontres sur lesquels vous pouvez parier et placer des paris sur un tel appareil est \u00e0 la fois rapide et facile.<\/li>\n<li><strong><a href=\"https:\/\/www.betting.ca\/fr\/pari-mobile\/pari-iphone\">Sites de paris iPhone<\/a> \u2013<\/strong> La raison la plus \u00e9vidente pour laquelle l&rsquo;iPhone est devenu l&rsquo;un des appareils mobiles les plus utilis\u00e9s doit \u00eatre la fonction d&rsquo;\u00e9cran tactile que tous ces t\u00e9l\u00e9phones intelligents offrent, et cela rend la visite d&rsquo;un site de jeu mobile et placer des paris sur des \u00e9v\u00e9nements sportifs et rencontres sportives tr\u00e8s simples. La majorit\u00e9 de nos sites de paris mobiles conviviaux et enti\u00e8rement approuv\u00e9s offrent non seulement \u00e0 tous les r\u00e9sidents canadiens la possibilit\u00e9 de miser et de parier instantan\u00e9ment \u00e0 l&rsquo;aide d&rsquo;un iPhone, mais leurs sites de paris respectifs ont \u00e9t\u00e9 am\u00e9lior\u00e9s pour permettre de placer un tel pari rapidement et facilement et en quelques clics. L\u2019\u00e9cran de votre t\u00e9l\u00e9phone est tout ce qui est n\u00e9cessaire pour placer un pari sur l\u2019\u00e9v\u00e9nement sportif de votre choix.<\/li>\n<li><strong><a href=\"https:\/\/www.betting.ca\/fr\/pari-mobile\/pari-ipad\">Sites de paris iPad<\/a> \u2013<\/strong> \u00c9tant donn\u00e9 que l&rsquo;iPad est un appareil mobile si facile \u00e0 utiliser, il est un compagnon id\u00e9al pour tous ceux qui s&rsquo;int\u00e9ressent au monde des paris sportifs. Vous pouvez non seulement acc\u00e9der \u00e0 de nombreux sites de jeux mobiles, mais vous pouvez \u00e9galement acc\u00e9der \u00e0 Internet et \u00e0 la recherche d\u2019\u00e9quipe, de joueurs, de chevaux ou de l\u00e9vriers sur lequel vous envisagez de placer un pari. Le mode de fonctionnement et d\u2019utilisation de ces appareils est bien s\u00fbr tr\u00e8s similaire aux iPhone mentionn\u00e9s ci-dessus. Cependant, gr\u00e2ce \u00e0 l\u2019\u00e9cran beaucoup plus grand lorsque vous les utilisez pour acc\u00e9der \u00e0 l\u2019un ou l\u2019autre des sites de paris mobiles vedettes, vous verrez que ces sites ont des interfaces de pari faciles \u00e0 utiliser vous permettent de placer vos paris sportifs en un rien de temps, et avec une s\u00e9curit\u00e9 maximale offerte sur chaque site que nous listons, placer un pari n&rsquo;a jamais \u00e9t\u00e9 aussi facile, peu importe o\u00f9 vous vous trouvez.<\/li>\n<li><strong><a href=\"https:\/\/www.betting.ca\/fr\/pari-mobile\/pari-blackberry\">Sites de paris BlackBerry<\/a> \u2013<\/strong> Tous les sites de paris mobiles et en ligne r\u00e9pertori\u00e9s sur le site Web de Betting.ca sont accompagn\u00e9s de menus tr\u00e8s faciles \u00e0 naviguer. Ainsi, si vous poss\u00e9dez un BlackBerry, qui ne fait peut-\u00eatre pas partie des appareils mobiles auxquels vous pensez imm\u00e9diatement \u00e0 utiliser pour acc\u00e9der \u00e0 un site de paris sportifs mobile, vous ne devriez avoir aucun probl\u00e8me \u00e0 utiliser un site de jeu mobile et \u00e0 placer des paris rapidement avec votre appareil BlackBerry.<\/li>\n<li><strong><a href=\"https:\/\/www.betting.ca\/fr\/pari-mobile\/pari-telephone-windows\">Sites de paris t\u00e9l\u00e9phones Windows<\/a> \u2013<\/strong> Vous pouvez acc\u00e9der aux sites de jeux et de paris mobiles de diff\u00e9rentes mani\u00e8res. Une solution consiste, bien s\u00fbr, \u00e0 t\u00e9l\u00e9charger une application de sites de paris directement sur votre appareil. Dans ce cas, il vous suffit de lancer l&rsquo;application pour commencer \u00e0 parier instantan\u00e9ment sur n&rsquo;importe quel \u00e9v\u00e9nement sportif \u00e0 votre choix. Toutefois, sur les t\u00e9l\u00e9phones mobiles tels que le t\u00e9l\u00e9phone Windows, vous pouvez acc\u00e9der rapidement et de mani\u00e8re transparente \u00e0 Internet sur ces appareils mobiles, et vous pouvez simplement choisir de visiter le site Web des sites de paris mobiles et acc\u00e9der aux services de paris de cette mani\u00e8re, qui est identique \u00e0 la fa\u00e7on dont vous y acc\u00e9dez sur un ordinateur portable ou un PC.<\/li>\n<\/ul>\n<h2 id=\"meilleurs-sites-de-jeux-mobiles\">Meilleurs sites de jeux mobiles<\/h2>\n<p><a href=\"https:\/\/www.betting.ca\/fr\">Ici, sur le site Web de Betting.ca<\/a>, nous vous recommandons de visiter le site de paris mobile correspondant qui vous int\u00e9resse afin de v\u00e9rifier la validit\u00e9 de toute offre de bonus que nous r\u00e9pertorions, car tout pari gratuit ou bonus de d\u00e9p\u00f4t de ce type est bien entendu sujet \u00e0 modification \u00e0 tout moment, et en visitant sur le site Web de paris mobiles, vous pourrez voir si l\u2019une des offres list\u00e9es est encore disponible.<\/p>\n","protected":false},"excerpt":{"rendered":"Il y a naturellement plusieurs fa\u00e7ons diff\u00e9rentes par lesquelles vous pouvez placer un pari de nos jours, visiter les sites de pari est bien s\u00fbr toujours une option tr\u00e8s populaire, de nombreux parieurs souhaitent placer des paris en ligne ou m\u00eame sur leur t\u00e9l\u00e9phone portable ou tablette. Ici, sur le site Web de Betting.ca nous [&hellip;]","protected":false},"author":2,"featured_media":0,"parent":0,"menu_order":0,"comment_status":"closed","ping_status":"closed","template":"","meta":{"_acf_changed":false,"footnotes":""},"class_list":["post-16","page","type-page","status-publish","hentry"],"acf":[],"yoast_head":"<!-- This site is optimized with the Yoast SEO plugin v27.6 - https:\/\/yoast.com\/product\/yoast-seo-wordpress\/ -->\n<title>Sites mobiles de paris et meilleures applications de paris<\/title>\n<meta name=\"description\" content=\"Un guide complet et d\u00e9taill\u00e9 pour les paris mobiles. Si vous avez un int\u00e9r\u00eat dans le jeu mobile, alors venez nous voir sur Betting.ca.\" \/>\n<meta name=\"robots\" content=\"index, follow, max-snippet:-1, max-image-preview:large, max-video-preview:-1\" \/>\n<link rel=\"canonical\" href=\"https:\/\/www.betting.ca\/fr\/pari-mobile\" \/>\n<meta property=\"og:locale\" content=\"fr_CA\" \/>\n<meta property=\"og:type\" content=\"article\" \/>\n<meta property=\"og:title\" content=\"Sites mobiles de paris et meilleures applications de paris\" \/>\n<meta property=\"og:description\" content=\"Un guide complet et d\u00e9taill\u00e9 pour les paris mobiles. Si vous avez un int\u00e9r\u00eat dans le jeu mobile, alors venez nous voir sur Betting.ca.\" \/>\n<meta property=\"og:url\" content=\"https:\/\/www.betting.ca\/fr\/pari-mobile\" \/>\n<meta property=\"og:site_name\" content=\"Betting.ca FR\" \/>\n<meta name=\"twitter:card\" content=\"summary_large_image\" \/>\n<meta name=\"twitter:label1\" content=\"Estimation du temps de lecture\" \/>\n\t<meta name=\"twitter:data1\" content=\"5 minutes\" \/>\n<script type=\"application\/ld+json\" class=\"yoast-schema-graph\">{\"@context\":\"https:\\\/\\\/schema.org\",\"@graph\":[{\"@type\":\"WebPage\",\"@id\":\"https:\\\/\\\/www.betting.ca\\\/fr\\\/pari-mobile\",\"url\":\"https:\\\/\\\/www.betting.ca\\\/fr\\\/pari-mobile\",\"name\":\"Sites mobiles de paris et meilleures applications de paris\",\"isPartOf\":{\"@id\":\"https:\\\/\\\/www.betting.ca\\\/fr\\\/#website\"},\"datePublished\":\"2019-04-09T16:22:07+00:00\",\"description\":\"Un guide complet et d\u00e9taill\u00e9 pour les paris mobiles. Si vous avez un int\u00e9r\u00eat dans le jeu mobile, alors venez nous voir sur Betting.ca.\",\"breadcrumb\":{\"@id\":\"https:\\\/\\\/www.betting.ca\\\/fr\\\/pari-mobile#breadcrumb\"},\"inLanguage\":\"fr-CA\",\"potentialAction\":[{\"@type\":\"ReadAction\",\"target\":[\"https:\\\/\\\/www.betting.ca\\\/fr\\\/pari-mobile\"]}]},{\"@type\":\"BreadcrumbList\",\"@id\":\"https:\\\/\\\/www.betting.ca\\\/fr\\\/pari-mobile#breadcrumb\",\"itemListElement\":[{\"@type\":\"ListItem\",\"position\":1,\"name\":\"Home\",\"item\":\"https:\\\/\\\/dev.betting.ca\\\/fr\\\/\"},{\"@type\":\"ListItem\",\"position\":2,\"name\":\"Sites mobiles de paris et meilleures applications de paris\"}]},{\"@type\":\"WebSite\",\"@id\":\"https:\\\/\\\/www.betting.ca\\\/fr\\\/#website\",\"url\":\"https:\\\/\\\/www.betting.ca\\\/fr\\\/\",\"name\":\"Betting.ca FR\",\"description\":\"\",\"potentialAction\":[{\"@type\":\"SearchAction\",\"target\":{\"@type\":\"EntryPoint\",\"urlTemplate\":\"https:\\\/\\\/www.betting.ca\\\/fr\\\/?s={search_term_string}\"},\"query-input\":{\"@type\":\"PropertyValueSpecification\",\"valueRequired\":true,\"valueName\":\"search_term_string\"}}],\"inLanguage\":\"fr-CA\"}]}<\/script>\n<!-- \/ Yoast SEO plugin. -->","yoast_head_json":{"title":"Sites mobiles de paris et meilleures applications de paris","description":"Un guide complet et d\u00e9taill\u00e9 pour les paris mobiles. Si vous avez un int\u00e9r\u00eat dans le jeu mobile, alors venez nous voir sur Betting.ca.","robots":{"index":"index","follow":"follow","max-snippet":"max-snippet:-1","max-image-preview":"max-image-preview:large","max-video-preview":"max-video-preview:-1"},"canonical":"https:\/\/www.betting.ca\/fr\/pari-mobile","og_locale":"fr_CA","og_type":"article","og_title":"Sites mobiles de paris et meilleures applications de paris","og_description":"Un guide complet et d\u00e9taill\u00e9 pour les paris mobiles. Si vous avez un int\u00e9r\u00eat dans le jeu mobile, alors venez nous voir sur Betting.ca.","og_url":"https:\/\/www.betting.ca\/fr\/pari-mobile","og_site_name":"Betting.ca FR","twitter_card":"summary_large_image","twitter_misc":{"Estimation du temps de lecture":"5 minutes"},"schema":{"@context":"https:\/\/schema.org","@graph":[{"@type":"WebPage","@id":"https:\/\/www.betting.ca\/fr\/pari-mobile","url":"https:\/\/www.betting.ca\/fr\/pari-mobile","name":"Sites mobiles de paris et meilleures applications de paris","isPartOf":{"@id":"https:\/\/www.betting.ca\/fr\/#website"},"datePublished":"2019-04-09T16:22:07+00:00","description":"Un guide complet et d\u00e9taill\u00e9 pour les paris mobiles. Si vous avez un int\u00e9r\u00eat dans le jeu mobile, alors venez nous voir sur Betting.ca.","breadcrumb":{"@id":"https:\/\/www.betting.ca\/fr\/pari-mobile#breadcrumb"},"inLanguage":"fr-CA","potentialAction":[{"@type":"ReadAction","target":["https:\/\/www.betting.ca\/fr\/pari-mobile"]}]},{"@type":"BreadcrumbList","@id":"https:\/\/www.betting.ca\/fr\/pari-mobile#breadcrumb","itemListElement":[{"@type":"ListItem","position":1,"name":"Home","item":"https:\/\/dev.betting.ca\/fr\/"},{"@type":"ListItem","position":2,"name":"Sites mobiles de paris et meilleures applications de paris"}]},{"@type":"WebSite","@id":"https:\/\/www.betting.ca\/fr\/#website","url":"https:\/\/www.betting.ca\/fr\/","name":"Betting.ca FR","description":"","potentialAction":[{"@type":"SearchAction","target":{"@type":"EntryPoint","urlTemplate":"https:\/\/www.betting.ca\/fr\/?s={search_term_string}"},"query-input":{"@type":"PropertyValueSpecification","valueRequired":true,"valueName":"search_term_string"}}],"inLanguage":"fr-CA"}]}},"_links":{"self":[{"href":"https:\/\/dev.betting.ca\/fr\/wp-json\/wp\/v2\/pages\/16","targetHints":{"allow":["GET"]}}],"collection":[{"href":"https:\/\/dev.betting.ca\/fr\/wp-json\/wp\/v2\/pages"}],"about":[{"href":"https:\/\/dev.betting.ca\/fr\/wp-json\/wp\/v2\/types\/page"}],"author":[{"embeddable":true,"href":"https:\/\/dev.betting.ca\/fr\/wp-json\/wp\/v2\/users\/2"}],"replies":[{"embeddable":true,"href":"https:\/\/dev.betting.ca\/fr\/wp-json\/wp\/v2\/comments?post=16"}],"version-history":[{"count":0,"href":"https:\/\/dev.betting.ca\/fr\/wp-json\/wp\/v2\/pages\/16\/revisions"}],"wp:attachment":[{"href":"https:\/\/dev.betting.ca\/fr\/wp-json\/wp\/v2\/media?parent=16"}],"curies":[{"name":"wp","href":"https:\/\/api.w.org\/{rel}","templated":true}]}}